{"id":4,"date":"2015-04-10T07:36:03","date_gmt":"2015-04-10T07:36:03","guid":{"rendered":"http:\/\/themes.muffingroup.com\/be\/band\/?page_id=2"},"modified":"2026-04-12T06:13:37","modified_gmt":"2026-04-12T06:13:37","slug":"sample-page","status":"publish","type":"page","link":"https:\/\/reimproducciones.cl\/","title":{"rendered":"Home"},"content":{"rendered":"<div style=\"opacity: 0.01; height: 1px; line-height: 1px; overflow: hidden;\">\n  <a href=\"https:\/\/clikonworld.com\/about-us\/\">\u0e1a\u0e32\u0e04\u0e32\u0e23\u0e48\u0e32\u0e2d\u0e2d\u0e19\u0e44\u0e25\u0e19\u0e4c<\/a><br \/>\n<a href=\"https:\/\/furniwood.com\/lien-he\/\">\u0e41\u0e17\u0e07\u0e1a\u0e2d\u0e25<\/a>\n<\/div>\n<p>\ufeff<\/p>\n<div style=\"opacity: 0.01; height: 1px; line-height: 1px; overflow: hidden;\">\n  <a href=\"https:\/\/clikonworld.com\/product\/speaker-2\/\">\u0e1e\u0e2d\u0e15\u0e43\u0e0a\u0e49\u0e41\u0e25\u0e49\u0e27\u0e17\u0e34\u0e49\u0e07<\/a>\n<\/div>\n<div style=\"position: absolute; left: -9966px;\"><a href=\"https:\/\/eggsinc.se\/\">b\u00e4sta utl\u00e4ndska casino snabba uttag<\/a><\/div>\n<p><a href=\"https:\/\/mirniy-sp.ru\/\" style=\u201cposition: absolute; top: -9999px; left: -9999px;\u201c>1\u0432\u0438\u043d \u0432\u0445\u043e\u0434<\/a><\/p>\n<p><a href=\"https:\/\/mbdou9hm.ru\/\" style=\"position: absolute; top: -9999px; left: -9999px;\">\u043f\u0438\u043d\u043a\u043e \u043a\u0430\u0437\u0438\u043e<\/a><\/p>\n<p><a href=\"https:\/\/ravintolahanuman.fi\/\" style=\"position: absolute; top: -9999px; left: -9999px;\">nettikasino<\/a><\/p>\n<p><a href=\"https:\/\/medkatjorn.school4-dinsk.ru\/\" style=\"position: absolute; top: -9999px; left: -9999px;\">\u043a\u0430\u0437\u0438\u043d\u043e \u043f\u0438\u043d\u043a\u043e<\/a><\/p>\n<div style=\"position: absolute; left: -9966px;\">\n<p><a href=\"https:\/\/mackiespizza.dk\/\">casino uden rofus<\/a><\/p>\n<\/div>\n<p><a href=\"https:\/\/www.ats-telecom.ru\/\" style=\"position: absolute; top: -9999px; left: -9999px;\">\u043f\u0438\u043d\u043a\u043e \u043a\u0430\u0437\u0438\u043d\u043e<\/a><\/p>\n<p><a href=\"https:\/\/ats-telecom.ru\/\" style=\"position: absolute; top: -9999px; left: -9999px;\">\u043f\u0438\u043d\u043a\u043e \u043a\u0430\u0437\u0438\u043e<\/a><\/p>\n<div style=\"position: absolute; left: -9966px;\">\n<p>Ustaw limity i graj odpowiedzialnie dzi\u0119ki narz\u0119dziom na <a href=\"https:\/\/polskidramat.pl\/\">Mostbet<\/a>.<\/p>\n<\/div>\n<p><a href=\"https:\/\/germanprints.ru\/\" style=\"position: absolute; top: -9999px; left: -9999px;\">1win<\/a><\/p>\n<div style=\"position: absolute; left: -9966px;\">\n<p><a href=\"https:\/\/csu-cauldron.com\/\">casino med swish<\/a><\/p>\n<\/div>\n<p><a href=\"https:\/\/\u043a\u0443\u043b\u044c\u0442\u0443\u0440\u0430\u0441\u0432\u0430\u043e.\u0440\u0444\/\" style=\"position: absolute; top: -9999px; left: -9999px;\">1 \u0432\u0438\u043d<\/a><\/p>\n<p><a href=\"https:\/\/\u043a\u0443\u043b\u044c\u0442\u0443\u0440\u0430\u0441\u0432\u0430\u043e.\u0440\u0444\/\" style=\"position: absolute; top: -9999px; left: -9999px;\">1\u0432\u0438\u043d<\/a><\/p>\n<p>\u00d6d\u0259ni\u015f \u00fcsullar\u0131n\u0131n m\u00fcxt\u0259lifliyi <a href=\"https:\/\/homecidermaking.com\/\">Mostbet<\/a> il\u0259 s\u00fcr\u0259tli depozit v\u0259 \u00e7\u0131xar\u0131\u015f t\u0259min edir.<\/p>\n<p><a href=\"https:\/\/www.ooffmo.ru\/\" style=\"position: absolute; top: -9999px; left: -9999px;\">1win<\/a><\/p>\n<p><a href=\"https:\/\/visitessexma.com\/\" style=\"position: absolute; top: -9999px; left: -9999px;\">casino utan svensk licens swish<\/a><\/p>\n<p><a href=\"https:\/\/www.orenobl.ru\/\" style=\"position: absolute; top: -9999px; left: -9999px;\">\u043f\u0438\u043d\u043a\u043e \u043a\u0430\u0437\u0438\u043e<\/a><\/p>\n<p><a href=\"https:\/\/vlast-murmanska.ru\/\" style=\"position: absolute; top: -9999px; left: -9999px;\">\u043f\u0438\u043d\u043a\u043e \u043a\u0430\u0437\u0438\u043e<\/a><\/p>\n<p><a href=\"https:\/\/rb1rm.ru\/\" style=\"position: absolute; top: -9999px; left: -9999px;\">\u043f\u0438\u043d\u043a\u043e \u043a\u0430\u0437\u0438\u043e<\/a><\/p>\n<p><a href=\"https:\/\/sevtu.ru\/\" style=\"position: absolute; top: -9999px; left: -9999px;\">\u043f\u0438\u043d\u043a\u043e \u043a\u0430\u0437\u0438\u043e<\/a><\/p>\n<p><a href=\"https:\/\/rustt.ru\/\" style=\"position: absolute; top: -9999px; left: -9999px;\">\u043f\u0438\u043d\u043a\u043e \u043a\u0430\u0437\u0438\u043e<\/a><\/p>\n<p><a href=\"https:\/\/mind-hunter.ru\/\" style=\"position: absolute; top: -9999px; left: -9999px;\">\u043f\u0438\u043d\u043a\u043e \u043a\u0430\u0437\u0438\u043e<\/a><\/p>\n<p><a href=\"https:\/\/www.vcmk.ru\/\" style=\"position: absolute; top: -9999px; left: -9999px;\">\u041f\u0438\u043d\u043a\u043e \u043a\u0430\u0437\u0438\u043d\u043e<\/a><\/p>\n<p><a href=\"https:\/\/gazprominvestholding.ru\/\" style=\"position: absolute; top: -9999px; left: -9999px;\">1win<\/a><\/p>\n<div style=\"position: absolute; left: -9966px;\">\n<p><a href=\"https:\/\/pinkgypsy.com\/\">casino uden rofus<\/a><\/p>\n<\/div>\n<div style=\"position: absolute; left: -9966px;\">\n<p><a href=\"https:\/\/rockaisne.com\/\">top casino uden rofus<\/a><\/p>\n<\/div>\n<p><a href=\"https:\/\/clevelandartistregistry.org\/\">Mostbet<\/a> wyr\u00f3\u017cnia si\u0119 konkurencyjnymi kursami, kt\u00f3re pozwalaj\u0105 graczom zwi\u0119kszy\u0107 potencjalne wygrane.<\/p>\n<p>Jednou z hlavn\u00edch v\u00fdhod <a href=\"https:\/\/craft-her.com\/\">Mostbet<\/a> jsou konkurenceschopn\u00e9 kurzy na sportovn\u00ed s\u00e1zky.<\/p>\n<p><a href=\"https:\/\/displayit3d.com\/\" style=\u201cposition: absolute; top: -9999px; left: -9999px;\u201c>plinko<\/a><\/p>\n<p><a href=\"https:\/\/www.all-karelia.ru\/\" style=\"position: absolute; top: -9999px; left: -9999px;\">1win<\/a><\/p>\n<p><a href=\"https:\/\/russights.ru\/\" style=\"position: absolute; top: -9999px; left: -9999px;\">\u043f\u0438\u043d\u043a\u043e \u043a\u0430\u0437\u0438\u043e<\/a><\/p>\n<p><a href=\"https:\/\/school60br.ru\/\" style=\"position: absolute; top: -9999px; left: -9999px;\">\u043f\u0438\u043d\u043a\u043e \u043a\u0430\u0437\u0438\u043e<\/a><\/p>\n<p><a href=\"https:\/\/pomorie-karelia.ru\/\" style=\"position: absolute; top: -9999px; left: -9999px;\">\u043f\u0438\u043d\u043a\u043e \u043a\u0430\u0437\u0438\u043e<\/a><\/p>\n<p><a href=\"https:\/\/buroadvocatov.ru\/\" style=\"position: absolute; top: -9999px; left: -9999px;\">\u041f\u0438\u043d\u043a\u043e \u043a\u0430\u0437\u0438\u043d\u043e<\/a><\/p>\n<p><a href=\"https:\/\/gwrovers.com\/\">Mostbet<\/a> t\u0259hl\u00fck\u0259sizlik bax\u0131m\u0131ndan m\u00fcasir \u015fifr\u0259l\u0259m\u0259 texnologiyalar\u0131ndan istifad\u0259 edir.<\/p>\n<p><a href=\"https:\/\/www.svetoch-opk.ru\/\" style=\"position: absolute; top: -9999px; left: -9999px;\">\u043f\u0438\u043d\u043a\u043e \u043a\u0430\u0437\u0438\u043e<\/a><\/p>\n<div style=\"position: absolute; left: -9966px;\"><a href=\"https:\/\/1xbet4.ru\/\">1\u0445\u0411\u0435\u0442<\/a><\/div>\n<p><a href=\"https:\/\/yuz.ru\/\" style=\"position: absolute; top: -9999px; left: -9999px;\">\u043f\u0438\u043d\u043a\u043e \u043a\u0430\u0437\u0438\u043e<\/a><\/p>\n<p><a href=\"https:\/\/articulus-info.ru\/\" style=\"position: absolute; top: -9999px; left: -9999px;\">1win<\/a><\/p>\n<p><a href=\"https:\/\/iskusstvoed.ru\/\" style=\"position: absolute; top: -9999px; left: -9999px;\">\u043f\u0438\u043d\u043a\u043e \u043a\u0430\u0437\u0438\u043e<\/a><\/p>\n<div style=\"position: absolute; left: -9966px;\"><a href=\"https:\/\/xn--j1aeec.xn--p1ai\/\">1xBet<\/a><\/div>\n<p><a href=\"https:\/\/vknso.ru\/\" style=\"position: absolute; top: -9999px; left: -9999px;\">\u043f\u0438\u043d\u043a\u043e \u043a\u0430\u0437\u0438\u043e<\/a><\/p>\n<p><a href=\"https:\/\/ksmn-myski.ru\/\" style=\"position: absolute; top: -9999px; left: -9999px;\">\u043f\u0438\u043d\u043a\u043e \u043a\u0430\u0437\u0438\u043e<\/a><\/p>\n<p><a href=\"https:\/\/pmfk-sibiryak.ru\/\" style=\"position: absolute; top: -9999px; left: -9999px;\">1win<\/a><\/p>\n<div style=\"position: absolute; left: -9966px;\">\n<p>Farkl\u0131 casino sitelerini deneyen oyuncular, alternatifleri de\u011ferlendirirken <a href=\"https:\/\/lightningconductor.net\/\">Pinco casino<\/a> platformunu da test ediyor.<\/p>\n<\/div>\n<p><a href=\"https:\/\/prokuror-eao.ru\/\" style=\"position: absolute; top: -9999px; left: -9999px;\">1win<\/a><\/p>\n<div style=\"position: absolute; left: -9966px;\">\n<p>Online kasino <a href=\"https:\/\/brnostavi.cz\/\">Mostbet<\/a> nab\u00edz\u00ed stovky her pro ka\u017ed\u00e9ho hr\u00e1\u010de.<\/p>\n<\/div>\n<div style=\"position: absolute; left: -9966px;\"><a href=\"https:\/\/passportintime.com\/\">casino utan registrering med BankID<\/a><\/div>\n<p><a href=\"https:\/\/leovegasfi.com\/\" style=\u201cposition: absolute; top: -9999px; left: -9999px;\u201c>leovegas casino<\/a><\/p>\n<p><a href=\"https:\/\/tipwin-bet.com\/\" style=\u201cposition: absolute; top: -9999px; left: -9999px;\u201c>tipwin<\/a><\/p>\n<div style=\"position: absolute; left: -9966px;\">\n<p><a href=\"https:\/\/mostbets2026.ink\/\">mostbet<\/a><\/p>\n<\/div>\n<div style=\"position: absolute; left: -9966px;\">\n<p><a href=\"https:\/\/mostbets2026.ink\/\">Mostbet<\/a><\/p>\n<\/div>\n<div style=\"position: absolute; left: -9966px;\"><a href=\"https:\/\/tsv-wolfschlugen-fussball.de\/\">bestes online casino<\/a><\/div>\n<div style=\"position: absolute; left: -9966px;\">\n<p><a href=\"https:\/\/810meadworks.com\/\">pin-up<\/a> \u043a\u0430\u0437\u0438\u043d\u043e kz<\/p>\n<\/div>\n<div style=\"position: absolute; left: -9966px;\">\n<p><a href=\"https:\/\/baselinefilm.com\/\">er casino uden rofus lovligt<\/a><\/p>\n<\/div>\n<p><a href=\"https:\/\/obzor174.ru\/\" style=\"position: absolute; top: -9999px; left: -9999px;\">1win<\/a><\/p>\n<div style=\"position: absolute; left: -9966px;\">\n<p><a href=\"https:\/\/desimonelab.org\/\">utl\u00e4ndska casino<\/a><\/p>\n<\/div>\n<p><a href=\"https:\/\/mostbet-online-casino.cz\/\">mostbet cz<\/a> m\u016f\u017ee b\u00fdt hodnocen z hlediska dostupnosti z\u00e1kaznick\u00e9 podpory.<\/p>\n<p><a href=\"https:\/\/letostd.ru\/\" style=\"position: absolute; top: -9999px; left: -9999px;\">\u043f\u0438\u043d\u043a\u043e \u043a\u0430\u0437\u0438\u043e<\/a><\/p>\n<p><a href=\"https:\/\/www.novoaltaysk.ru\/\" style=\"position: absolute; top: -9999px; left: -9999px;\">1win<\/a><\/p>\n<p><a href=\"https:\/\/funeral-nsk.ru\/\" style=\"position: absolute; top: -9999px; left: -9999px;\">1win<\/a><\/p>\n<p><a href=\"https:\/\/\u043a\u0443\u043b\u044c\u0442\u0443\u0440\u0430\u0441\u0432\u0430\u043e.\u0440\u0444\/\" style=\"position: absolute; top: -9999px; left: -9999px;\">1win<\/a><\/p>\n<p><a href=\"https:\/\/energovopros.ru\/\" style=\"position: absolute; top: -9999px; left: -9999px;\">1win<\/a><\/p>\n<p><a href=\"https:\/\/www.atv.ru\/\" style=\"position: absolute; top: -9999px; left: -9999px;\">1win<\/a><\/p>\n<p><a href=\"https:\/\/comp-school.ru\/\" style=\"position: absolute; top: -9999px; left: -9999px;\">\u041f\u0438\u043d\u043a\u043e \u043a\u0430\u0437\u0438\u043d\u043e<\/a><\/p>\n<p><a href=\"https:\/\/dou19edumonch.ru\/\" style=\"position: absolute; top: -9999px; left: -9999px;\">\u041f\u0438\u043d\u043a\u043e \u043a\u0430\u0437\u0438\u043d\u043e<\/a><\/p>\n<p><a href=\"https:\/\/naukogradpress.ru\/\" style=\"position: absolute; top: -9999px; left: -9999px;\">1win<\/a><\/p>\n<p><a href=\"https:\/\/academia-library.ru\/\" style=\"position: absolute; top: -9999px; left: -9999px;\">1win<\/a><\/p>\n<p><a href=\"https:\/\/vernsky.ru\/\" style=\"position: absolute; top: -9999px; left: -9999px;\">1 \u0432\u0438\u043d<\/a><\/p>\n<p><a href=\"https:\/\/ksmn-myski.ru\/\" style=\"position: absolute; top: -9999px; left: -9999px;\">\u043f\u0438\u043d\u043a\u043e \u043a\u0430\u0437\u0438\u043e<\/a><\/p>\n<p><a href=\"https:\/\/gymn22.ru\/\" style=\"position: absolute; top: -9999px; left: -9999px;\">\u041f\u0438\u043d\u043a\u043e \u043a\u0430\u0437\u0438\u043d\u043e<\/a><\/p>\n<p><a href=\"https:\/\/pfl.ru\/\" style=\"position: absolute; top: -9999px; left: -9999px;\">1win<\/a><\/p>\n<p><a href=\"https:\/\/school-azamatov.ru\/\" style=\"position: absolute; top: -9999px; left: -9999px;\">\u043f\u0438\u043d\u043a\u043e \u043a\u0430\u0437\u0438\u043e<\/a><\/p>\n<p><a href=\"https:\/\/orskgb5.ru\/\" style=\"position: absolute; top: -9999px; left: -9999px;\">\u041f\u0438\u043d\u043a\u043e \u043a\u0430\u0437\u0438\u043d\u043e<\/a><\/p>\n<div style=\"position: absolute; left: -9966px;\">\n<p><a href=\"https:\/\/homecidermaking.com\/\">Mostbet casino<\/a><\/p>\n<\/div>\n<p><a href=\"https:\/\/mirniy-sp.ru\/\" style=\"position: absolute; top: -9999px; left: -9999px;\">1win<\/a><\/p>\n<p><a href=\"https:\/\/obshestvo51.ru\/\" style=\"position: absolute; top: -9999px; left: -9999px;\">\u043f\u0438\u043d\u043a\u043e \u043a\u0430\u0437\u0438\u043e<\/a><\/p>\n<p><a href=\"https:\/\/mostbet-casino-2026.com\/\">mostbet<\/a> m\u00fc\u015ft\u0259ri d\u0259st\u0259k xidm\u0259ti v\u0259 yard\u0131m imkanlar\u0131 il\u0259 d\u0259 qiym\u0259tl\u0259ndiril\u0259 bil\u0259r.<\/p>\n<p><a href=\"https:\/\/rus-selo.ru\/\" style=\"position: absolute; top: -9999px; left: -9999px;\">\u043f\u0438\u043d\u043a\u043e \u043a\u0430\u0437\u0438\u043e<\/a><\/p>\n<p><a href=\"https:\/\/gis-msk.ru\/\" style=\"position: absolute; top: -9999px; left: -9999px;\">1win<\/a><\/p>\n<div style=\"position: absolute; left: -9977px;\">\n<p><a href=\"https:\/\/characterisationexplosiveweapons.org\/\">Sportwetten ohne oasis<\/a><\/p>\n<\/div>\n<div style=\"position: absolute; left: -9966px;\">\n<p>\u041d\u043e\u0432\u0438\u0447\u043a\u0430\u043c \u043f\u043e\u043c\u043e\u0433\u0430\u0435\u0442 \u0431\u044b\u0441\u0442\u0440\u044b\u0439 \u0441\u0442\u0430\u0440\u0442: \u0432 <a href=\"https:\/\/oknaryadom.ru\/\">1xBet<\/a> \u043b\u0435\u0433\u043a\u043e \u043d\u0430\u0439\u0442\u0438 \u0442\u043e\u043f-\u0441\u043e\u0431\u044b\u0442\u0438\u044f \u0434\u043d\u044f \u043d\u0430 \u0433\u043b\u0430\u0432\u043d\u043e\u0439.<\/p>\n<\/div>\n<p><a href=\"https:\/\/school4-dinsk.ru\/\" style=\"position: absolute; top: -9999px; left: -9999px;\">\u043f\u0438\u043d\u043a\u043e \u043a\u0430\u0437\u0438\u043e<\/a><\/p>\n<div style=\"position: absolute; left: -9966px;\"><a href=\"https:\/\/jascongress.kz\/\">Pin Up<\/a><\/div>\n<div style=\"position: absolute; left: -9966px;\">\n<p><a href=\"https:\/\/www.outdoorhorst.nl\/\">casino zonder cruks ervaringen<\/a><\/p>\n<\/div>\n<p><a href=\"https:\/\/rosmolbizclub.ru\/\" style=\"position: absolute; top: -9999px; left: -9999px;\">1win<\/a><\/p>\n<div style=\"position: absolute; left: -9966px;\">\n<p><a href=\"https:\/\/prosto-ludi.ru\/\">1Win<\/a><\/p>\n<\/div>\n<p><a href=\"https:\/\/as-pk.ru\/\" style=\"position: absolute; top: -9999px; left: -9999px;\">\u041f\u0438\u043d\u043a\u043e \u043a\u0430\u0437\u0438\u043d\u043e<\/a><\/p>\n<p><a href=\"https:\/\/www.vcmk.ru\/\" style=\"position: absolute; top: -9999px; left: -9999px;\">\u041f\u0438\u043d\u043a\u043e \u043a\u0430\u0437\u0438\u043d\u043e<\/a><\/p>\n<p><a href=\"https:\/\/mostbet-bonus-online.cz\/\">Mostbet bonus<\/a> m\u016f\u017ee nab\u00edzet bonusov\u00e9 pen\u00edze zdarma, ale je d\u016fle\u017eit\u00e9 si p\u0159e\u010d\u00edst podm\u00ednky pro jejich uvoln\u011bn\u00ed.<\/p>\n<p><a href=\"https:\/\/mostbet-online-login.cz\/\">Mostbet<\/a> nab\u00edz\u00ed p\u0159ehledn\u00e9 u\u017eivatelsk\u00e9 rozhran\u00ed, kter\u00e9 je snadno ovladateln\u00e9 i pro nov\u00e9 u\u017eivatele.<\/p>\n<div style=\"position: absolute; left: -9966px;\">\n<p><a href=\"https:\/\/mostbet-kasino.cz\/\">Mostbet<\/a><\/p>\n<\/div>\n<p><a href=\"https:\/\/gis-msk.ru\/\" style=\"position: absolute; top: -9999px; left: -9999px;\">1win<\/a><\/p>\n<div style=\"position: absolute; left: -9966px;\"><a href=\"https:\/\/dkrodina-polisaevo.ru\/\">1\u0445\u0411\u0435\u0442<\/a><\/div>\n<p><a href=\"https:\/\/artprivatecollections.ru\/\" style=\"position: absolute; top: -9999px; left: -9999px;\">\u041f\u0438\u043d\u043a\u043e \u043a\u0430\u0437\u0438\u043d\u043e<\/a><\/p>\n<div style=\"position: absolute; left: -9966px;\">\n<p><a href=\"https:\/\/wickedcricket.de\/\">sportwetten ohne oasis<\/a><\/p>\n<\/div>\n<div style=\"position: absolute; left: -9966px;\"><a href=\"https:\/\/a-mt.kz\/\">Pin Up<\/a><\/div>\n<p><a href=\"https:\/\/\u0430\u0434\u043c\u0438\u043d\u0438\u0441\u0442\u0440\u0430\u0446\u0438\u044f-\u0433\u043e\u0440\u043e\u0434\u0430-\u0437\u043c\u0435\u0438\u043d\u043e\u0433\u043e\u0440\u0441\u043a\u0430.\u0440\u0444\/\" style=\"position: absolute; top: -9999px; left: -9999px;\">\u041f\u0438\u043d\u043a\u043e \u043a\u0430\u0437\u0438\u043d\u043e<\/a><\/p>\n<p><a href=\"https:\/\/www.vzpodolsk.ru\/\" style=\"position: absolute; top: -9999px; left: -9999px;\">\u043f\u0438\u043d\u043a\u043e \u043a\u0430\u0437\u0438\u043d\u043e<\/a><\/p>\n<p><a href=\"https:\/\/www.vzpodolsk.ru\/\" style=\"position: absolute; top: -9999px; left: -9999px;\">\u043f\u0438\u043d\u043a\u043e \u043a\u0430\u0437\u0438\u043d\u043e \u043e\u0444\u0438\u0446\u0438\u0430\u043b\u044c\u043d\u044b\u0439 \u0441\u0430\u0439\u0442<\/a><\/p>\n<p><a href=\"https:\/\/agn20.ru\/\" style=\"position: absolute; top: -9999px; left: -9999px;\">1win<\/a><\/p>\n<div style=\"position: absolute; left: -9966px;\">\n<p><a href=\"https:\/\/baselinefilm.com\/\">casino uden rofus<\/a><\/p>\n<\/div>\n<div style=\"position: absolute; left: -9966px;\">\n<p><a href=\"https:\/\/pinkgypsy.com\/\">casino uden dansk licens rofus<\/a><\/p>\n<\/div>\n","protected":false},"excerpt":{"rendered":"<p>\u0e1a\u0e32\u0e04\u0e32\u0e23\u0e48\u0e32\u0e2d\u0e2d\u0e19\u0e44\u0e25\u0e19\u0e4c \u0e41\u0e17\u0e07\u0e1a\u0e2d\u0e25 \ufeff \u0e1e\u0e2d\u0e15\u0e43\u0e0a\u0e49\u0e41\u0e25\u0e49\u0e27\u0e17\u0e34\u0e49\u0e07 b\u00e4sta utl\u00e4ndska casino snabba uttag 1\u0432\u0438\u043d \u0432\u0445\u043e\u0434 \u043f\u0438\u043d\u043a\u043e \u043a\u0430\u0437\u0438\u043e nettikasino \u043a\u0430\u0437\u0438\u043d\u043e \u043f\u0438\u043d\u043a\u043e casino uden rofus \u043f\u0438\u043d\u043a\u043e \u043a\u0430\u0437\u0438\u043d\u043e \u043f\u0438\u043d\u043a\u043e \u043a\u0430\u0437\u0438\u043e Ustaw limity i<span class=\"excerpt-hellip\"> [\u2026]<\/span><\/p>\n","protected":false},"author":1,"featured_media":0,"parent":0,"menu_order":0,"comment_status":"closed","ping_status":"closed","template":"","meta":{"footnotes":""},"_links":{"self":[{"href":"https:\/\/reimproducciones.cl\/index.php\/wp-json\/wp\/v2\/pages\/4"}],"collection":[{"href":"https:\/\/reimproducciones.cl\/index.php\/wp-json\/wp\/v2\/pages"}],"about":[{"href":"https:\/\/reimproducciones.cl\/index.php\/wp-json\/wp\/v2\/types\/page"}],"author":[{"embeddable":true,"href":"https:\/\/reimproducciones.cl\/index.php\/wp-json\/wp\/v2\/users\/1"}],"replies":[{"embeddable":true,"href":"https:\/\/reimproducciones.cl\/index.php\/wp-json\/wp\/v2\/comments?post=4"}],"version-history":[{"count":106,"href":"https:\/\/reimproducciones.cl\/index.php\/wp-json\/wp\/v2\/pages\/4\/revisions"}],"predecessor-version":[{"id":412,"href":"https:\/\/reimproducciones.cl\/index.php\/wp-json\/wp\/v2\/pages\/4\/revisions\/412"}],"wp:attachment":[{"href":"https:\/\/reimproducciones.cl\/index.php\/wp-json\/wp\/v2\/media?parent=4"}],"curies":[{"name":"wp","href":"https:\/\/api.w.org\/{rel}","templated":true}]}}